{"id":130,"date":"2024-03-01T15:26:19","date_gmt":"2024-03-01T15:26:19","guid":{"rendered":"https:\/\/dev.devbunch.com\/soffanova\/?post_type=product&#038;p=130"},"modified":"2024-03-01T15:33:14","modified_gmt":"2024-03-01T15:33:14","slug":"maidstone-karmstol-brun-ek","status":"publish","type":"product","link":"https:\/\/dev.devbunch.com\/soffanova\/product\/maidstone-karmstol-brun-ek\/","title":{"rendered":"Maidstone karmstol brun ek"},"content":{"rendered":"<p>Maidstone stol i massiv brun ek. Ett unikt hantverk med detaljer som karmar, sk\u00e5lad sits och utt\u00e4nkta linjer. En karmstol som tar f\u00f6r sig lika bra som en loungestol i vardagsrummet som en matstol vid matsalsbordet. Tidl\u00f6s design som aldrig g\u00e5r ur tiden. Levereras monterad i FSC\u00ae-certifierat tr\u00e4. Finns \u00e4ven i naturf\u00e4rgad ek.<\/p>\n","protected":false},"excerpt":{"rendered":"<p>Maidstone stol i massiv brun ek. Ett unikt hantverk med detaljer som karmar, sk\u00e5lad sits och utt\u00e4nkta linjer. En karmstol som tar f\u00f6r sig lika bra som en loungestol i vardagsrummet som en matstol vid matsalsbordet. Tidl\u00f6s design som aldrig g\u00e5r ur tiden. Levereras monterad i FSC\u00ae-certifierat tr\u00e4. Finns \u00e4ven i naturf\u00e4rgad ek.<\/p>\n","protected":false},"featured_media":0,"comment_status":"open","ping_status":"open","template":"","meta":[],"pwb-brand":[265],"product_cat":[250],"product_tag":[],"class_list":{"0":"post-130","1":"product","2":"type-product","3":"status-publish","5":"pwb-brand-rowico-2","6":"product_cat-matplats","7":"pa_bredd-360","8":"pa_djup-cm-4","9":"pa_extra-rabatt-no-2","10":"pa_farg-brun","11":"pa_kolla-priset-no-3","12":"pa_material-tra","13":"pa_monterad-ja","14":"pa_send-browsed-product-autores-0-4","15":"pa_sittbredd-362","16":"pa_sittdjup-cm-2","17":"pa_sitthojd-357","18":"pa_super-deal-no-4","19":"pa_varumarke-rowico-3","20":"pa_vikt-359","22":"first","23":"outofstock","24":"shipping-taxable","25":"purchasable","26":"product-type-simple"},"brands":[{"id":265,"name":"Rowico","slug":"rowico-2"}],"_links":{"self":[{"href":"https:\/\/dev.devbunch.com\/soffanova\/wp-json\/wp\/v2\/product\/130","targetHints":{"allow":["GET"]}}],"collection":[{"href":"https:\/\/dev.devbunch.com\/soffanova\/wp-json\/wp\/v2\/product"}],"about":[{"href":"https:\/\/dev.devbunch.com\/soffanova\/wp-json\/wp\/v2\/types\/product"}],"replies":[{"embeddable":true,"href":"https:\/\/dev.devbunch.com\/soffanova\/wp-json\/wp\/v2\/comments?post=130"}],"wp:attachment":[{"href":"https:\/\/dev.devbunch.com\/soffanova\/wp-json\/wp\/v2\/media?parent=130"}],"wp:term":[{"taxonomy":"pwb-brand","embeddable":true,"href":"https:\/\/dev.devbunch.com\/soffanova\/wp-json\/wp\/v2\/pwb-brand?post=130"},{"taxonomy":"product_cat","embeddable":true,"href":"https:\/\/dev.devbunch.com\/soffanova\/wp-json\/wp\/v2\/product_cat?post=130"},{"taxonomy":"product_tag","embeddable":true,"href":"https:\/\/dev.devbunch.com\/soffanova\/wp-json\/wp\/v2\/product_tag?post=130"}],"curies":[{"name":"wp","href":"https:\/\/api.w.org\/{rel}","templated":true}]}}