{"id":129,"date":"2024-03-01T15:00:17","date_gmt":"2024-03-01T15:00:17","guid":{"rendered":"https:\/\/dev.devbunch.com\/soffanova\/?post_type=product&#038;p=129"},"modified":"2024-03-01T15:25:11","modified_gmt":"2024-03-01T15:25:11","slug":"waterton-karmstol-ek-beige-tyg","status":"publish","type":"product","link":"https:\/\/dev.devbunch.com\/soffanova\/product\/waterton-karmstol-ek-beige-tyg\/","title":{"rendered":"Waterton karmstol ek\/beige tyg"},"content":{"rendered":"<p>Karmstolen Waterton i lackad ek \u00e4r en stils\u00e4ker designm\u00f6bel med vackert formspr\u00e5k tillverkad av FSC-certifierat tr\u00e4. Det v\u00e4ldesignade ryggst\u00f6det ger en sk\u00f6n omslutande k\u00e4nsla och den kl\u00e4dda sitsen best\u00e5r av slitstarkt beige tyg. Jordn\u00e4ra skandinavisk design och h\u00f6g kvalitet g\u00f6r Waterton till en h\u00e5llbar stol \u00f6ver tid. Finns \u00e4ven i vitpigmenterad ek. S\u00e4ljs endast i 2-pack.<\/p>\n","protected":false},"excerpt":{"rendered":"<p>Karmstolen Waterton i lackad ek \u00e4r en stils\u00e4ker designm\u00f6bel med vackert formspr\u00e5k tillverkad av FSC-certifierat tr\u00e4. Det v\u00e4ldesignade ryggst\u00f6det ger en sk\u00f6n omslutande k\u00e4nsla och den kl\u00e4dda sitsen best\u00e5r av slitstarkt beige tyg. Jordn\u00e4ra skandinavisk design och h\u00f6g kvalitet g\u00f6r Waterton till en h\u00e5llbar stol \u00f6ver tid. Finns \u00e4ven i vitpigmenterad ek. S\u00e4ljs endast i [&hellip;]<\/p>\n","protected":false},"featured_media":0,"comment_status":"open","ping_status":"open","template":"","meta":[],"pwb-brand":[265],"product_cat":[250],"product_tag":[],"class_list":{"0":"post-129","1":"product","2":"type-product","3":"status-publish","5":"pwb-brand-rowico-2","6":"product_cat-matplats","7":"pa_bredd-353","8":"pa_djup-354","9":"pa_extra-rabatt-no-2","10":"pa_farg-ek-beige","11":"pa_kolla-priset-no-3","12":"pa_material-tra-tyg","13":"pa_monterad-nej","14":"pa_send-browsed-product-autores-0-4","15":"pa_sittbredd-355","16":"pa_sittdjup-48-2","17":"pa_sitthojd-357","18":"pa_super-deal-no-4","19":"pa_varumarke-rowico-3","20":"pa_vikt-344","22":"first","23":"outofstock","24":"shipping-taxable","25":"purchasable","26":"product-type-simple"},"brands":[{"id":265,"name":"Rowico","slug":"rowico-2"}],"_links":{"self":[{"href":"https:\/\/dev.devbunch.com\/soffanova\/wp-json\/wp\/v2\/product\/129","targetHints":{"allow":["GET"]}}],"collection":[{"href":"https:\/\/dev.devbunch.com\/soffanova\/wp-json\/wp\/v2\/product"}],"about":[{"href":"https:\/\/dev.devbunch.com\/soffanova\/wp-json\/wp\/v2\/types\/product"}],"replies":[{"embeddable":true,"href":"https:\/\/dev.devbunch.com\/soffanova\/wp-json\/wp\/v2\/comments?post=129"}],"wp:attachment":[{"href":"https:\/\/dev.devbunch.com\/soffanova\/wp-json\/wp\/v2\/media?parent=129"}],"wp:term":[{"taxonomy":"pwb-brand","embeddable":true,"href":"https:\/\/dev.devbunch.com\/soffanova\/wp-json\/wp\/v2\/pwb-brand?post=129"},{"taxonomy":"product_cat","embeddable":true,"href":"https:\/\/dev.devbunch.com\/soffanova\/wp-json\/wp\/v2\/product_cat?post=129"},{"taxonomy":"product_tag","embeddable":true,"href":"https:\/\/dev.devbunch.com\/soffanova\/wp-json\/wp\/v2\/product_tag?post=129"}],"curies":[{"name":"wp","href":"https:\/\/api.w.org\/{rel}","templated":true}]}}