{"id":125,"date":"2024-03-01T15:00:17","date_gmt":"2024-03-01T15:00:17","guid":{"rendered":"https:\/\/dev.devbunch.com\/soffanova\/?post_type=product&#038;p=125"},"modified":"2024-03-01T15:33:14","modified_gmt":"2024-03-01T15:33:14","slug":"rossport-stol-beige-tyg-svarta-metallben-snurr","status":"publish","type":"product","link":"https:\/\/dev.devbunch.com\/soffanova\/product\/rossport-stol-beige-tyg-svarta-metallben-snurr\/","title":{"rendered":"Rossport stol beige tyg\/svarta metallben snurr"},"content":{"rendered":"<p>Rossport stol i beige tyg har fina dekorativa s\u00f6mmar som ger den ett elegant stiluttryck. Benst\u00e4llningen \u00e4r i pulverlackerad metall med sandstruktur och har snurrfunktion i 180 grader med retur. Finns i flera olika tyger d\u00e4r alla har snurrfunktionen p\u00e5 benen. S\u00e4ljs endast i 2-pack.<\/p>\n","protected":false},"excerpt":{"rendered":"<p>Rossport stol i beige tyg har fina dekorativa s\u00f6mmar som ger den ett elegant stiluttryck. Benst\u00e4llningen \u00e4r i pulverlackerad metall med sandstruktur och har snurrfunktion i 180 grader med retur. Finns i flera olika tyger d\u00e4r alla har snurrfunktionen p\u00e5 benen. S\u00e4ljs endast i 2-pack.<\/p>\n","protected":false},"featured_media":0,"comment_status":"open","ping_status":"open","template":"","meta":[],"pwb-brand":[265],"product_cat":[250],"product_tag":[],"class_list":{"0":"post-125","1":"product","2":"type-product","3":"status-publish","5":"pwb-brand-rowico-2","6":"product_cat-matplats","7":"pa_bredd-346","8":"pa_djup-347","9":"pa_extra-rabatt-no-2","10":"pa_farg-beige-svart","11":"pa_kolla-priset-no-3","12":"pa_material-metall-tyg","13":"pa_monterad-nej","14":"pa_send-browsed-product-autores-0-4","15":"pa_sittbredd-52-2","16":"pa_sittdjup-349","17":"pa_sitthojd-350","18":"pa_super-deal-no-4","19":"pa_varumarke-rowico-3","20":"pa_vikt-344","22":"first","23":"outofstock","24":"shipping-taxable","25":"purchasable","26":"product-type-simple"},"brands":[{"id":265,"name":"Rowico","slug":"rowico-2"}],"_links":{"self":[{"href":"https:\/\/dev.devbunch.com\/soffanova\/wp-json\/wp\/v2\/product\/125","targetHints":{"allow":["GET"]}}],"collection":[{"href":"https:\/\/dev.devbunch.com\/soffanova\/wp-json\/wp\/v2\/product"}],"about":[{"href":"https:\/\/dev.devbunch.com\/soffanova\/wp-json\/wp\/v2\/types\/product"}],"replies":[{"embeddable":true,"href":"https:\/\/dev.devbunch.com\/soffanova\/wp-json\/wp\/v2\/comments?post=125"}],"wp:attachment":[{"href":"https:\/\/dev.devbunch.com\/soffanova\/wp-json\/wp\/v2\/media?parent=125"}],"wp:term":[{"taxonomy":"pwb-brand","embeddable":true,"href":"https:\/\/dev.devbunch.com\/soffanova\/wp-json\/wp\/v2\/pwb-brand?post=125"},{"taxonomy":"product_cat","embeddable":true,"href":"https:\/\/dev.devbunch.com\/soffanova\/wp-json\/wp\/v2\/product_cat?post=125"},{"taxonomy":"product_tag","embeddable":true,"href":"https:\/\/dev.devbunch.com\/soffanova\/wp-json\/wp\/v2\/product_tag?post=125"}],"curies":[{"name":"wp","href":"https:\/\/api.w.org\/{rel}","templated":true}]}}