{"id":5354,"date":"2024-07-09T08:06:25","date_gmt":"2024-07-09T08:06:25","guid":{"rendered":"http:\/\/dev.devbunch.com\/standinova\/?page_id=5354"},"modified":"2024-07-10T10:14:28","modified_gmt":"2024-07-10T10:14:28","slug":"anvandarvillkor","status":"publish","type":"page","link":"http:\/\/dev.devbunch.com\/standinova\/anvandarvillkor\/","title":{"rendered":"Anv\u00e4ndarvillkor"},"content":{"rendered":"\t\t<div data-elementor-type=\"wp-page\" data-elementor-id=\"5354\" class=\"elementor elementor-5354\" data-elementor-post-type=\"page\">\n\t\t\t\t<div class=\"elementor-element elementor-element-5155caab e-flex e-con-boxed e-con e-parent\" data-id=\"5155caab\" data-element_type=\"container\" data-settings=\"{&quot;background_background&quot;:&quot;classic&quot;}\">\n\t\t\t\t\t<div class=\"e-con-inner\">\n\t\t<div class=\"elementor-element elementor-element-6d596220 e-con-full e-flex e-con e-child\" data-id=\"6d596220\" data-element_type=\"container\">\n\t\t\t\t<div class=\"elementor-element elementor-element-707c41ec elementor-invisible elementor-widget elementor-widget-heading\" data-id=\"707c41ec\" data-element_type=\"widget\" data-settings=\"{&quot;_animation&quot;:&quot;fadeInUp&quot;}\" data-widget_type=\"heading.default\">\n\t\t\t\t<div class=\"elementor-widget-container\">\n\t\t\t<style>\/*! elementor - v3.22.0 - 26-06-2024 *\/\n.elementor-heading-title{padding:0;margin:0;line-height:1}.elementor-widget-heading .elementor-heading-title[class*=elementor-size-]>a{color:inherit;font-size:inherit;line-height:inherit}.elementor-widget-heading .elementor-heading-title.elementor-size-small{font-size:15px}.elementor-widget-heading .elementor-heading-title.elementor-size-medium{font-size:19px}.elementor-widget-heading .elementor-heading-title.elementor-size-large{font-size:29px}.elementor-widget-heading .elementor-heading-title.elementor-size-xl{font-size:39px}.elementor-widget-heading .elementor-heading-title.elementor-size-xxl{font-size:59px}<\/style><h2 class=\"elementor-heading-title elementor-size-default\">ANV\u00c4NDARVILLKOR<\/h2>\t\t<\/div>\n\t\t\t\t<\/div>\n\t\t\t\t<div class=\"elementor-element elementor-element-67c4731 elementor-widget elementor-widget-text-editor\" data-id=\"67c4731\" data-element_type=\"widget\" data-widget_type=\"text-editor.default\">\n\t\t\t\t<div class=\"elementor-widget-container\">\n\t\t\t<style>\/*! elementor - v3.22.0 - 26-06-2024 *\/\n.elementor-widget-text-editor.elementor-drop-cap-view-stacked .elementor-drop-cap{background-color:#69727d;color:#fff}.elementor-widget-text-editor.elementor-drop-cap-view-framed .elementor-drop-cap{color:#69727d;border:3px solid;background-color:transparent}.elementor-widget-text-editor:not(.elementor-drop-cap-view-default) .elementor-drop-cap{margin-top:8px}.elementor-widget-text-editor:not(.elementor-drop-cap-view-default) .elementor-drop-cap-letter{width:1em;height:1em}.elementor-widget-text-editor .elementor-drop-cap{float:left;text-align:center;line-height:1;font-size:50px}.elementor-widget-text-editor .elementor-drop-cap-letter{display:inline-block}<\/style>\t\t\t\t<div class=\"ng-scope\"><div class=\"ng-isolate-scope\"><div class=\"spinner-container\"><div class=\"items-group\"><div class=\"ng-scope\"><div id=\"custom-page-block-HeDCUUPe2Tp0eqV5KBUDo0NEqoz2v1Xf\" class=\"c-custom-page-block\"><div class=\"c-custom-page-text-block\"><div class=\"c-custom-page-text-block-body\"><div class=\"c-custom-page-text-block-view ng-scope\"><div class=\"c-custom-page-text-text-block-view c-container-1\"><div class=\"c-custom-page-text-text-block ng-scope\"><div class=\"row\"><div class=\"c-custom-page-text-text-block-column col-md-12\"><div class=\"c-custom-page-text-field\"><div class=\"c-custom-page-text-field-view-block ng-scope\"><div class=\"ng-binding\"><div class=\"ng-scope\"><div><div class=\"ng-isolate-scope\"><div class=\"spinner-container\"><div class=\"items-group\"><div class=\"ng-scope\"><div><div id=\"custom-page-block-SWxX0sIFgncSUC7Fmy2Vuqz6Pbn0PS93\" class=\"c-custom-page-block\"><div class=\"c-custom-page-text-block\"><div class=\"c-custom-page-text-block-body\"><div class=\"c-custom-page-text-block-view ng-scope\"><div class=\"c-custom-page-text-text-block-view c-container-1\"><div class=\"c-custom-page-text-text-block ng-scope\"><div class=\"row\"><div class=\"c-custom-page-text-text-block-column col-md-12\"><div class=\"c-custom-page-text-field\"><div class=\"c-custom-page-text-field-view-block ng-scope\"><div class=\"ng-binding\"><p class=\"c-design-setting-custom-text-1\">L\u00e4s igenom v\u00e5ra anv\u00e4ndarvillkor innan du bokar v\u00e5ra tj\u00e4nster.<\/p><\/div><\/div><\/div><\/div><\/div><\/div><\/div><\/div><\/div><\/div><\/div><\/div><\/div><\/div><\/div><\/div><\/div><\/div><\/div><\/div><\/div><\/div><\/div><\/div><\/div><\/div><\/div><\/div><\/div><\/div><\/div><\/div><\/div><\/div>\t\t\t\t\t\t<\/div>\n\t\t\t\t<\/div>\n\t\t\t\t<\/div>\n\t\t\t\t\t<\/div>\n\t\t\t\t<\/div>\n\t\t<div class=\"elementor-element elementor-element-846c02d e-flex e-con-boxed e-con e-parent\" data-id=\"846c02d\" data-element_type=\"container\" data-settings=\"{&quot;background_background&quot;:&quot;classic&quot;}\">\n\t\t\t\t\t<div class=\"e-con-inner\">\n\t\t\t\t<div class=\"elementor-element elementor-element-18bcc01 elementor-widget elementor-widget-heading\" data-id=\"18bcc01\" data-element_type=\"widget\" data-widget_type=\"heading.default\">\n\t\t\t\t<div class=\"elementor-widget-container\">\n\t\t\t<h2 class=\"elementor-heading-title elementor-size-default\">CLI\ufeffCK HERE TO ADD A INTRODUCTION TEXT<\/h2>\t\t<\/div>\n\t\t\t\t<\/div>\n\t\t\t\t<div class=\"elementor-element elementor-element-b6511c2 elementor-widget elementor-widget-text-editor\" data-id=\"b6511c2\" data-element_type=\"widget\" data-widget_type=\"text-editor.default\">\n\t\t\t\t<div class=\"elementor-widget-container\">\n\t\t\t\t\t\t\t<p class=\"c-design-setting-custom-text-1\">I&#8217;m a text paragraph. Click here to add your own text. It&#8217;s super easy! If you want to edit any style just highlight the text you want to edit and use the toolbar that pops up above.<\/p><p class=\"c-design-setting-custom-text-1\">This is a great place to write a longer text about you or your business so that your audience gets to know you better. You can also use this space to describe a service or your business in more detail.<\/p><p class=\"c-design-setting-custom-text-1\">Just click here and delete me and start writing your own story.<\/p>\t\t\t\t\t\t<\/div>\n\t\t\t\t<\/div>\n\t\t\t\t\t<\/div>\n\t\t\t\t<\/div>\n\t\t\t\t<\/div>\n\t\t","protected":false},"excerpt":{"rendered":"<p>ANV\u00c4NDARVILLKOR L\u00e4s igenom v\u00e5ra anv\u00e4ndarvillkor innan du bokar v\u00e5ra tj\u00e4nster. CLI\ufeffCK HERE TO ADD A INTRODUCTION TEXT I&#8217;m a text paragraph. Click here to add your own text. It&#8217;s super easy! If you want to edit any style just highlight the text you want to edit and use the toolbar that pops up above. This [&hellip;]<\/p>\n","protected":false},"author":1,"featured_media":0,"parent":0,"menu_order":0,"comment_status":"closed","ping_status":"closed","template":"elementor_header_footer","meta":{"footnotes":""},"class_list":["post-5354","page","type-page","status-publish","hentry"],"_links":{"self":[{"href":"http:\/\/dev.devbunch.com\/standinova\/wp-json\/wp\/v2\/pages\/5354","targetHints":{"allow":["GET"]}}],"collection":[{"href":"http:\/\/dev.devbunch.com\/standinova\/wp-json\/wp\/v2\/pages"}],"about":[{"href":"http:\/\/dev.devbunch.com\/standinova\/wp-json\/wp\/v2\/types\/page"}],"author":[{"embeddable":true,"href":"http:\/\/dev.devbunch.com\/standinova\/wp-json\/wp\/v2\/users\/1"}],"replies":[{"embeddable":true,"href":"http:\/\/dev.devbunch.com\/standinova\/wp-json\/wp\/v2\/comments?post=5354"}],"version-history":[{"count":22,"href":"http:\/\/dev.devbunch.com\/standinova\/wp-json\/wp\/v2\/pages\/5354\/revisions"}],"predecessor-version":[{"id":5584,"href":"http:\/\/dev.devbunch.com\/standinova\/wp-json\/wp\/v2\/pages\/5354\/revisions\/5584"}],"wp:attachment":[{"href":"http:\/\/dev.devbunch.com\/standinova\/wp-json\/wp\/v2\/media?parent=5354"}],"curies":[{"name":"wp","href":"https:\/\/api.w.org\/{rel}","templated":true}]}}